{"id":10,"date":"2023-10-25T14:19:46","date_gmt":"2023-10-25T12:19:46","guid":{"rendered":"https:\/\/stomatologia-przybylscy.pl\/?page_id=10"},"modified":"2023-11-19T11:26:19","modified_gmt":"2023-11-19T10:26:19","slug":"informacje","status":"publish","type":"page","link":"https:\/\/stomatologia-przybylscy.pl\/?page_id=10","title":{"rendered":"IMPLANTOLOGIA"},"content":{"rendered":"\n<p>Implanty z\u0119bowe to obecnie najnowocze\u015bniejsze rozwi\u0105zanie w dziedzinie stomatologii maj\u0105ce na celu usuni\u0119ciu brak\u00f3w w uz\u0119bieniu.<\/p>\n\n\n\n<p>Implanty wykonuje si\u0119 w ca\u0142o\u015bci z tytanu, kt\u00f3re spe\u0142niaj\u0105 funkcj\u0119 sztucznego korzenia z\u0119ba, tworz\u0105c trwa\u0142\u0105 jak i solidn\u0105 podstaw\u0119 do zbudowania korony z\u0119ba, kt\u00f3ry po zako\u0144czeniu leczenia wygl\u0105da naturalnie i nie jest podatny na pr\u00f3chnice.<\/p>\n\n\n\n<p>W naszych gabinetach korzystamy z najnowszych technik oraz mam zesp\u00f3\u0142 dobrze wyszkolonych profesjonalist\u00f3w, kt\u00f3rzy poprzez systematyczne szkolenia zapewniaj\u0105 naszym Pacjentom najwy\u017cszy poziom us\u0142ug.<\/p>\n\n\n\n<figure class=\"wp-block-gallery has-nested-images columns-4 is-cropped wp-block-gallery-1 is-layout-flex wp-block-gallery-is-layout-flex\">\n<figure class=\"wp-block-image size-large\"><img fetchpriority=\"high\" decoding=\"async\" width=\"1024\" height=\"1024\" data-id=\"76\" src=\"https:\/\/stomatologia-przybylscy.pl\/wp-content\/uploads\/2023\/10\/obrazek-kwadrat-4-1024x1024.png\" alt=\"\" class=\"wp-image-76\" srcset=\"https:\/\/stomatologia-przybylscy.pl\/wp-content\/uploads\/2023\/10\/obrazek-kwadrat-4-1024x1024.png 1024w, https:\/\/stomatologia-przybylscy.pl\/wp-content\/uploads\/2023\/10\/obrazek-kwadrat-4-300x300.png 300w, https:\/\/stomatologia-przybylscy.pl\/wp-content\/uploads\/2023\/10\/obrazek-kwadrat-4-150x150.png 150w, https:\/\/stomatologia-przybylscy.pl\/wp-content\/uploads\/2023\/10\/obrazek-kwadrat-4-768x768.png 768w, https:\/\/stomatologia-przybylscy.pl\/wp-content\/uploads\/2023\/10\/obrazek-kwadrat-4-100x100.png 100w, https:\/\/stomatologia-przybylscy.pl\/wp-content\/uploads\/2023\/10\/obrazek-kwadrat-4.png 1200w\" sizes=\"(max-width: 767px) 89vw, (max-width: 1000px) 54vw, (max-width: 1071px) 543px, 580px\" \/><\/figure>\n\n\n\n<figure class=\"wp-block-image size-large\"><img decoding=\"async\" width=\"1024\" height=\"1024\" data-id=\"79\" src=\"https:\/\/stomatologia-przybylscy.pl\/wp-content\/uploads\/2023\/10\/obrazek-kwadrat-5-1-1024x1024.png\" alt=\"\" class=\"wp-image-79\" srcset=\"https:\/\/stomatologia-przybylscy.pl\/wp-content\/uploads\/2023\/10\/obrazek-kwadrat-5-1-1024x1024.png 1024w, https:\/\/stomatologia-przybylscy.pl\/wp-content\/uploads\/2023\/10\/obrazek-kwadrat-5-1-300x300.png 300w, https:\/\/stomatologia-przybylscy.pl\/wp-content\/uploads\/2023\/10\/obrazek-kwadrat-5-1-150x150.png 150w, https:\/\/stomatologia-przybylscy.pl\/wp-content\/uploads\/2023\/10\/obrazek-kwadrat-5-1-768x768.png 768w, https:\/\/stomatologia-przybylscy.pl\/wp-content\/uploads\/2023\/10\/obrazek-kwadrat-5-1-100x100.png 100w, https:\/\/stomatologia-przybylscy.pl\/wp-content\/uploads\/2023\/10\/obrazek-kwadrat-5-1.png 1200w\" sizes=\"(max-width: 767px) 89vw, (max-width: 1000px) 54vw, (max-width: 1071px) 543px, 580px\" \/><\/figure>\n\n\n\n<figure class=\"wp-block-image size-large\"><img decoding=\"async\" width=\"1024\" height=\"1024\" data-id=\"78\" src=\"https:\/\/stomatologia-przybylscy.pl\/wp-content\/uploads\/2023\/10\/obrazek-kwadrat-6-1024x1024.png\" alt=\"\" class=\"wp-image-78\" srcset=\"https:\/\/stomatologia-przybylscy.pl\/wp-content\/uploads\/2023\/10\/obrazek-kwadrat-6-1024x1024.png 1024w, https:\/\/stomatologia-przybylscy.pl\/wp-content\/uploads\/2023\/10\/obrazek-kwadrat-6-300x300.png 300w, https:\/\/stomatologia-przybylscy.pl\/wp-content\/uploads\/2023\/10\/obrazek-kwadrat-6-150x150.png 150w, https:\/\/stomatologia-przybylscy.pl\/wp-content\/uploads\/2023\/10\/obrazek-kwadrat-6-768x768.png 768w, https:\/\/stomatologia-przybylscy.pl\/wp-content\/uploads\/2023\/10\/obrazek-kwadrat-6-100x100.png 100w, https:\/\/stomatologia-przybylscy.pl\/wp-content\/uploads\/2023\/10\/obrazek-kwadrat-6.png 1200w\" sizes=\"(max-width: 767px) 89vw, (max-width: 1000px) 54vw, (max-width: 1071px) 543px, 580px\" \/><\/figure>\n\n\n\n<figure class=\"wp-block-image size-large\"><img loading=\"lazy\" decoding=\"async\" width=\"1024\" height=\"1024\" data-id=\"94\" src=\"https:\/\/stomatologia-przybylscy.pl\/wp-content\/uploads\/2023\/11\/obrazek-kwadrat-9-1024x1024.png\" alt=\"\" class=\"wp-image-94\" srcset=\"https:\/\/stomatologia-przybylscy.pl\/wp-content\/uploads\/2023\/11\/obrazek-kwadrat-9-1024x1024.png 1024w, https:\/\/stomatologia-przybylscy.pl\/wp-content\/uploads\/2023\/11\/obrazek-kwadrat-9-300x300.png 300w, https:\/\/stomatologia-przybylscy.pl\/wp-content\/uploads\/2023\/11\/obrazek-kwadrat-9-150x150.png 150w, https:\/\/stomatologia-przybylscy.pl\/wp-content\/uploads\/2023\/11\/obrazek-kwadrat-9-768x767.png 768w, https:\/\/stomatologia-przybylscy.pl\/wp-content\/uploads\/2023\/11\/obrazek-kwadrat-9-100x100.png 100w, https:\/\/stomatologia-przybylscy.pl\/wp-content\/uploads\/2023\/11\/obrazek-kwadrat-9.png 1201w\" sizes=\"(max-width: 767px) 89vw, (max-width: 1000px) 54vw, (max-width: 1071px) 543px, 580px\" \/><\/figure>\n<\/figure>\n","protected":false},"excerpt":{"rendered":"<p>Implanty z\u0119bowe to obecnie najnowocze\u015bniejsze rozwi\u0105zanie w dziedzinie stomatologii maj\u0105ce na celu usuni\u0119ciu brak\u00f3w w uz\u0119bieniu. Implanty wykonuje si\u0119 w ca\u0142o\u015bci z tytanu, kt\u00f3re spe\u0142niaj\u0105 funkcj\u0119 sztucznego korzenia z\u0119ba, tworz\u0105c trwa\u0142\u0105 jak i solidn\u0105 podstaw\u0119 do zbudowania korony z\u0119ba, kt\u00f3ry po zako\u0144czeniu leczenia wygl\u0105da naturalnie i nie jest podatny na pr\u00f3chnice. W naszych gabinetach korzystamy &hellip; <\/p>\n<p class=\"link-more\"><a href=\"https:\/\/stomatologia-przybylscy.pl\/?page_id=10\" class=\"more-link\">Czytaj dalej<span class=\"screen-reader-text\"> \u201eIMPLANTOLOGIA\u201d<\/span><\/a><\/p>\n","protected":false},"author":1,"featured_media":61,"parent":0,"menu_order":0,"comment_status":"closed","ping_status":"closed","template":"","meta":{"footnotes":""},"class_list":["post-10","page","type-page","status-publish","has-post-thumbnail","hentry"],"yoast_head":"<!-- This site is optimized with the Yoast SEO plugin v21.4 - https:\/\/yoast.com\/wordpress\/plugins\/seo\/ -->\n<title>IMPLANTOLOGIA -<\/title>\n<meta name=\"robots\" content=\"index, follow, max-snippet:-1, max-image-preview:large, max-video-preview:-1\" \/>\n<link rel=\"canonical\" href=\"https:\/\/stomatologia-przybylscy.pl\/?page_id=10\" \/>\n<meta property=\"og:locale\" content=\"pl_PL\" \/>\n<meta property=\"og:type\" content=\"article\" \/>\n<meta property=\"og:title\" content=\"IMPLANTOLOGIA -\" \/>\n<meta property=\"og:description\" content=\"Implanty z\u0119bowe to obecnie najnowocze\u015bniejsze rozwi\u0105zanie w dziedzinie stomatologii maj\u0105ce na celu usuni\u0119ciu brak\u00f3w w uz\u0119bieniu. Implanty wykonuje si\u0119 w ca\u0142o\u015bci z tytanu, kt\u00f3re spe\u0142niaj\u0105 funkcj\u0119 sztucznego korzenia z\u0119ba, tworz\u0105c trwa\u0142\u0105 jak i solidn\u0105 podstaw\u0119 do zbudowania korony z\u0119ba, kt\u00f3ry po zako\u0144czeniu leczenia wygl\u0105da naturalnie i nie jest podatny na pr\u00f3chnice. W naszych gabinetach korzystamy &hellip; Czytaj dalej \u201eIMPLANTOLOGIA\u201d\" \/>\n<meta property=\"og:url\" content=\"https:\/\/stomatologia-przybylscy.pl\/?page_id=10\" \/>\n<meta property=\"article:modified_time\" content=\"2023-11-19T10:26:19+00:00\" \/>\n<meta property=\"og:image\" content=\"https:\/\/stomatologia-przybylscy.pl\/wp-content\/uploads\/2023\/10\/obrazek-2l.png\" \/>\n\t<meta property=\"og:image:width\" content=\"1920\" \/>\n\t<meta property=\"og:image:height\" content=\"782\" \/>\n\t<meta property=\"og:image:type\" content=\"image\/png\" \/>\n<meta name=\"twitter:card\" content=\"summary_large_image\" \/>\n<meta name=\"twitter:label1\" content=\"Szacowany czas czytania\" \/>\n\t<meta name=\"twitter:data1\" content=\"2 minuty\" \/>\n<script type=\"application\/ld+json\" class=\"yoast-schema-graph\">{\"@context\":\"https:\/\/schema.org\",\"@graph\":[{\"@type\":\"WebPage\",\"@id\":\"https:\/\/stomatologia-przybylscy.pl\/?page_id=10\",\"url\":\"https:\/\/stomatologia-przybylscy.pl\/?page_id=10\",\"name\":\"IMPLANTOLOGIA -\",\"isPartOf\":{\"@id\":\"https:\/\/stomatologia-przybylscy.pl\/#website\"},\"datePublished\":\"2023-10-25T12:19:46+00:00\",\"dateModified\":\"2023-11-19T10:26:19+00:00\",\"breadcrumb\":{\"@id\":\"https:\/\/stomatologia-przybylscy.pl\/?page_id=10#breadcrumb\"},\"inLanguage\":\"pl-PL\",\"potentialAction\":[{\"@type\":\"ReadAction\",\"target\":[\"https:\/\/stomatologia-przybylscy.pl\/?page_id=10\"]}]},{\"@type\":\"BreadcrumbList\",\"@id\":\"https:\/\/stomatologia-przybylscy.pl\/?page_id=10#breadcrumb\",\"itemListElement\":[{\"@type\":\"ListItem\",\"position\":1,\"name\":\"Home\",\"item\":\"https:\/\/stomatologia-przybylscy.pl\/\"},{\"@type\":\"ListItem\",\"position\":2,\"name\":\"IMPLANTOLOGIA\"}]},{\"@type\":\"WebSite\",\"@id\":\"https:\/\/stomatologia-przybylscy.pl\/#website\",\"url\":\"https:\/\/stomatologia-przybylscy.pl\/\",\"name\":\"\",\"description\":\"\",\"potentialAction\":[{\"@type\":\"SearchAction\",\"target\":{\"@type\":\"EntryPoint\",\"urlTemplate\":\"https:\/\/stomatologia-przybylscy.pl\/?s={search_term_string}\"},\"query-input\":\"required name=search_term_string\"}],\"inLanguage\":\"pl-PL\"}]}<\/script>\n<!-- \/ Yoast SEO plugin. -->","yoast_head_json":{"title":"IMPLANTOLOGIA -","robots":{"index":"index","follow":"follow","max-snippet":"max-snippet:-1","max-image-preview":"max-image-preview:large","max-video-preview":"max-video-preview:-1"},"canonical":"https:\/\/stomatologia-przybylscy.pl\/?page_id=10","og_locale":"pl_PL","og_type":"article","og_title":"IMPLANTOLOGIA -","og_description":"Implanty z\u0119bowe to obecnie najnowocze\u015bniejsze rozwi\u0105zanie w dziedzinie stomatologii maj\u0105ce na celu usuni\u0119ciu brak\u00f3w w uz\u0119bieniu. Implanty wykonuje si\u0119 w ca\u0142o\u015bci z tytanu, kt\u00f3re spe\u0142niaj\u0105 funkcj\u0119 sztucznego korzenia z\u0119ba, tworz\u0105c trwa\u0142\u0105 jak i solidn\u0105 podstaw\u0119 do zbudowania korony z\u0119ba, kt\u00f3ry po zako\u0144czeniu leczenia wygl\u0105da naturalnie i nie jest podatny na pr\u00f3chnice. W naszych gabinetach korzystamy &hellip; Czytaj dalej \u201eIMPLANTOLOGIA\u201d","og_url":"https:\/\/stomatologia-przybylscy.pl\/?page_id=10","article_modified_time":"2023-11-19T10:26:19+00:00","og_image":[{"width":1920,"height":782,"url":"https:\/\/stomatologia-przybylscy.pl\/wp-content\/uploads\/2023\/10\/obrazek-2l.png","type":"image\/png"}],"twitter_card":"summary_large_image","twitter_misc":{"Szacowany czas czytania":"2 minuty"},"schema":{"@context":"https:\/\/schema.org","@graph":[{"@type":"WebPage","@id":"https:\/\/stomatologia-przybylscy.pl\/?page_id=10","url":"https:\/\/stomatologia-przybylscy.pl\/?page_id=10","name":"IMPLANTOLOGIA -","isPartOf":{"@id":"https:\/\/stomatologia-przybylscy.pl\/#website"},"datePublished":"2023-10-25T12:19:46+00:00","dateModified":"2023-11-19T10:26:19+00:00","breadcrumb":{"@id":"https:\/\/stomatologia-przybylscy.pl\/?page_id=10#breadcrumb"},"inLanguage":"pl-PL","potentialAction":[{"@type":"ReadAction","target":["https:\/\/stomatologia-przybylscy.pl\/?page_id=10"]}]},{"@type":"BreadcrumbList","@id":"https:\/\/stomatologia-przybylscy.pl\/?page_id=10#breadcrumb","itemListElement":[{"@type":"ListItem","position":1,"name":"Home","item":"https:\/\/stomatologia-przybylscy.pl\/"},{"@type":"ListItem","position":2,"name":"IMPLANTOLOGIA"}]},{"@type":"WebSite","@id":"https:\/\/stomatologia-przybylscy.pl\/#website","url":"https:\/\/stomatologia-przybylscy.pl\/","name":"","description":"","potentialAction":[{"@type":"SearchAction","target":{"@type":"EntryPoint","urlTemplate":"https:\/\/stomatologia-przybylscy.pl\/?s={search_term_string}"},"query-input":"required name=search_term_string"}],"inLanguage":"pl-PL"}]}},"_links":{"self":[{"href":"https:\/\/stomatologia-przybylscy.pl\/index.php?rest_route=\/wp\/v2\/pages\/10","targetHints":{"allow":["GET"]}}],"collection":[{"href":"https:\/\/stomatologia-przybylscy.pl\/index.php?rest_route=\/wp\/v2\/pages"}],"about":[{"href":"https:\/\/stomatologia-przybylscy.pl\/index.php?rest_route=\/wp\/v2\/types\/page"}],"author":[{"embeddable":true,"href":"https:\/\/stomatologia-przybylscy.pl\/index.php?rest_route=\/wp\/v2\/users\/1"}],"replies":[{"embeddable":true,"href":"https:\/\/stomatologia-przybylscy.pl\/index.php?rest_route=%2Fwp%2Fv2%2Fcomments&post=10"}],"version-history":[{"count":4,"href":"https:\/\/stomatologia-przybylscy.pl\/index.php?rest_route=\/wp\/v2\/pages\/10\/revisions"}],"predecessor-version":[{"id":96,"href":"https:\/\/stomatologia-przybylscy.pl\/index.php?rest_route=\/wp\/v2\/pages\/10\/revisions\/96"}],"wp:featuredmedia":[{"embeddable":true,"href":"https:\/\/stomatologia-przybylscy.pl\/index.php?rest_route=\/wp\/v2\/media\/61"}],"wp:attachment":[{"href":"https:\/\/stomatologia-przybylscy.pl\/index.php?rest_route=%2Fwp%2Fv2%2Fmedia&parent=10"}],"curies":[{"name":"wp","href":"https:\/\/api.w.org\/{rel}","templated":true}]}}