{"id":13,"date":"2023-10-25T14:19:46","date_gmt":"2023-10-25T12:19:46","guid":{"rendered":"https:\/\/stomatologia-przybylscy.pl\/?page_id=13"},"modified":"2023-11-19T11:25:20","modified_gmt":"2023-11-19T10:25:20","slug":"sekcja-strony-glownej","status":"publish","type":"page","link":"https:\/\/stomatologia-przybylscy.pl\/?page_id=13","title":{"rendered":"STOMATOLOGIA"},"content":{"rendered":"\n<p>Stomatologia zachowawcza to dziedzina medycyny zajmuj\u0105ca profilaktyk\u0105 pr\u00f3chnicy, chor\u00f3b z\u0119b\u00f3w oraz przyz\u0119bia, napraw\u0105 ubytk\u00f3w powsta\u0142ych z przyczyn naturalnych b\u0105d\u017a losowych, a tak\u017ce og\u00f3lnym dbaniem o dobry stan z\u0119b\u00f3w i pi\u0119kny u\u015bmiech.<\/p>\n\n\n\n<p>W naszych gabinetach przeprowadzamy zabiegi w zakresie:<\/p>\n\n\n\n<ul class=\"wp-block-list\">\n<li>badania kontrolne jamy ustnej i uz\u0119bienia<\/li>\n\n\n\n<li>higienizacja z\u0119b\u00f3w (skaling, piaskowanie, polerowanie)<\/li>\n\n\n\n<li>leczenie nadwra\u017cliwo\u015bci z\u0119b\u00f3w i dzi\u0105se\u0142<\/li>\n\n\n\n<li>wype\u0142nianie ubytk\u00f3w<\/li>\n\n\n\n<li>leczenie kana\u0142owe<\/li>\n\n\n\n<li>wybielanie z\u0119b\u00f3w<\/li>\n<\/ul>\n\n\n\n<p>Zalecamy regularne profilaktyczne wizyty co najmniej raz w roku&#8230;<\/p>\n\n\n\n<figure class=\"wp-block-gallery has-nested-images columns-4 is-cropped wp-block-gallery-1 is-layout-flex wp-block-gallery-is-layout-flex\">\n<figure class=\"wp-block-image size-large\"><img fetchpriority=\"high\" decoding=\"async\" width=\"1024\" height=\"1024\" data-id=\"92\" src=\"https:\/\/stomatologia-przybylscy.pl\/wp-content\/uploads\/2023\/11\/obrazek-kwadrat-8-1024x1024.png\" alt=\"\" class=\"wp-image-92\" srcset=\"https:\/\/stomatologia-przybylscy.pl\/wp-content\/uploads\/2023\/11\/obrazek-kwadrat-8-1024x1024.png 1024w, https:\/\/stomatologia-przybylscy.pl\/wp-content\/uploads\/2023\/11\/obrazek-kwadrat-8-300x300.png 300w, https:\/\/stomatologia-przybylscy.pl\/wp-content\/uploads\/2023\/11\/obrazek-kwadrat-8-150x150.png 150w, https:\/\/stomatologia-przybylscy.pl\/wp-content\/uploads\/2023\/11\/obrazek-kwadrat-8-768x767.png 768w, https:\/\/stomatologia-przybylscy.pl\/wp-content\/uploads\/2023\/11\/obrazek-kwadrat-8-100x100.png 100w, https:\/\/stomatologia-przybylscy.pl\/wp-content\/uploads\/2023\/11\/obrazek-kwadrat-8.png 1201w\" sizes=\"(max-width: 767px) 89vw, (max-width: 1000px) 54vw, (max-width: 1071px) 543px, 580px\" \/><\/figure>\n\n\n\n<figure class=\"wp-block-image size-large\"><img decoding=\"async\" width=\"1024\" height=\"1024\" data-id=\"71\" src=\"https:\/\/stomatologia-przybylscy.pl\/wp-content\/uploads\/2023\/10\/obrazek-kwadrat-3-1024x1024.png\" alt=\"\" class=\"wp-image-71\" srcset=\"https:\/\/stomatologia-przybylscy.pl\/wp-content\/uploads\/2023\/10\/obrazek-kwadrat-3-1024x1024.png 1024w, https:\/\/stomatologia-przybylscy.pl\/wp-content\/uploads\/2023\/10\/obrazek-kwadrat-3-300x300.png 300w, https:\/\/stomatologia-przybylscy.pl\/wp-content\/uploads\/2023\/10\/obrazek-kwadrat-3-150x150.png 150w, https:\/\/stomatologia-przybylscy.pl\/wp-content\/uploads\/2023\/10\/obrazek-kwadrat-3-768x768.png 768w, https:\/\/stomatologia-przybylscy.pl\/wp-content\/uploads\/2023\/10\/obrazek-kwadrat-3-100x100.png 100w, https:\/\/stomatologia-przybylscy.pl\/wp-content\/uploads\/2023\/10\/obrazek-kwadrat-3.png 1200w\" sizes=\"(max-width: 767px) 89vw, (max-width: 1000px) 54vw, (max-width: 1071px) 543px, 580px\" \/><\/figure>\n\n\n\n<figure class=\"wp-block-image size-large\"><img decoding=\"async\" width=\"1024\" height=\"1024\" data-id=\"89\" src=\"https:\/\/stomatologia-przybylscy.pl\/wp-content\/uploads\/2023\/11\/obrazek-kwadrat-7-1024x1024.png\" alt=\"\" class=\"wp-image-89\" srcset=\"https:\/\/stomatologia-przybylscy.pl\/wp-content\/uploads\/2023\/11\/obrazek-kwadrat-7-1024x1024.png 1024w, https:\/\/stomatologia-przybylscy.pl\/wp-content\/uploads\/2023\/11\/obrazek-kwadrat-7-300x300.png 300w, https:\/\/stomatologia-przybylscy.pl\/wp-content\/uploads\/2023\/11\/obrazek-kwadrat-7-150x150.png 150w, https:\/\/stomatologia-przybylscy.pl\/wp-content\/uploads\/2023\/11\/obrazek-kwadrat-7-768x767.png 768w, https:\/\/stomatologia-przybylscy.pl\/wp-content\/uploads\/2023\/11\/obrazek-kwadrat-7-100x100.png 100w, https:\/\/stomatologia-przybylscy.pl\/wp-content\/uploads\/2023\/11\/obrazek-kwadrat-7.png 1201w\" sizes=\"(max-width: 767px) 89vw, (max-width: 1000px) 54vw, (max-width: 1071px) 543px, 580px\" \/><\/figure>\n\n\n\n<figure class=\"wp-block-image size-large\"><img loading=\"lazy\" decoding=\"async\" width=\"1024\" height=\"1024\" data-id=\"94\" src=\"https:\/\/stomatologia-przybylscy.pl\/wp-content\/uploads\/2023\/11\/obrazek-kwadrat-9-1024x1024.png\" alt=\"\" class=\"wp-image-94\" srcset=\"https:\/\/stomatologia-przybylscy.pl\/wp-content\/uploads\/2023\/11\/obrazek-kwadrat-9-1024x1024.png 1024w, https:\/\/stomatologia-przybylscy.pl\/wp-content\/uploads\/2023\/11\/obrazek-kwadrat-9-300x300.png 300w, https:\/\/stomatologia-przybylscy.pl\/wp-content\/uploads\/2023\/11\/obrazek-kwadrat-9-150x150.png 150w, https:\/\/stomatologia-przybylscy.pl\/wp-content\/uploads\/2023\/11\/obrazek-kwadrat-9-768x767.png 768w, https:\/\/stomatologia-przybylscy.pl\/wp-content\/uploads\/2023\/11\/obrazek-kwadrat-9-100x100.png 100w, https:\/\/stomatologia-przybylscy.pl\/wp-content\/uploads\/2023\/11\/obrazek-kwadrat-9.png 1201w\" sizes=\"(max-width: 767px) 89vw, (max-width: 1000px) 54vw, (max-width: 1071px) 543px, 580px\" \/><\/figure>\n<\/figure>\n","protected":false},"excerpt":{"rendered":"<p>Stomatologia zachowawcza to dziedzina medycyny zajmuj\u0105ca profilaktyk\u0105 pr\u00f3chnicy, chor\u00f3b z\u0119b\u00f3w oraz przyz\u0119bia, napraw\u0105 ubytk\u00f3w powsta\u0142ych z przyczyn naturalnych b\u0105d\u017a losowych, a tak\u017ce og\u00f3lnym dbaniem o dobry stan z\u0119b\u00f3w i pi\u0119kny u\u015bmiech. W naszych gabinetach przeprowadzamy zabiegi w zakresie: Zalecamy regularne profilaktyczne wizyty co najmniej raz w roku&#8230;<\/p>\n","protected":false},"author":1,"featured_media":43,"parent":0,"menu_order":0,"comment_status":"closed","ping_status":"closed","template":"","meta":{"footnotes":""},"class_list":["post-13","page","type-page","status-publish","has-post-thumbnail","hentry"],"yoast_head":"<!-- This site is optimized with the Yoast SEO plugin v21.4 - https:\/\/yoast.com\/wordpress\/plugins\/seo\/ -->\n<title>STOMATOLOGIA -<\/title>\n<meta name=\"robots\" content=\"index, follow, max-snippet:-1, max-image-preview:large, max-video-preview:-1\" \/>\n<link rel=\"canonical\" href=\"https:\/\/stomatologia-przybylscy.pl\/?page_id=13\" \/>\n<meta property=\"og:locale\" content=\"pl_PL\" \/>\n<meta property=\"og:type\" content=\"article\" \/>\n<meta property=\"og:title\" content=\"STOMATOLOGIA -\" \/>\n<meta property=\"og:description\" content=\"Stomatologia zachowawcza to dziedzina medycyny zajmuj\u0105ca profilaktyk\u0105 pr\u00f3chnicy, chor\u00f3b z\u0119b\u00f3w oraz przyz\u0119bia, napraw\u0105 ubytk\u00f3w powsta\u0142ych z przyczyn naturalnych b\u0105d\u017a losowych, a tak\u017ce og\u00f3lnym dbaniem o dobry stan z\u0119b\u00f3w i pi\u0119kny u\u015bmiech. W naszych gabinetach przeprowadzamy zabiegi w zakresie: Zalecamy regularne profilaktyczne wizyty co najmniej raz w roku&#8230;\" \/>\n<meta property=\"og:url\" content=\"https:\/\/stomatologia-przybylscy.pl\/?page_id=13\" \/>\n<meta property=\"article:modified_time\" content=\"2023-11-19T10:25:20+00:00\" \/>\n<meta property=\"og:image\" content=\"https:\/\/stomatologia-przybylscy.pl\/wp-content\/uploads\/2023\/10\/obrazek-1.png\" \/>\n\t<meta property=\"og:image:width\" content=\"1920\" \/>\n\t<meta property=\"og:image:height\" content=\"782\" \/>\n\t<meta property=\"og:image:type\" content=\"image\/png\" \/>\n<meta name=\"twitter:card\" content=\"summary_large_image\" \/>\n<meta name=\"twitter:label1\" content=\"Szacowany czas czytania\" \/>\n\t<meta name=\"twitter:data1\" content=\"2 minuty\" \/>\n<script type=\"application\/ld+json\" class=\"yoast-schema-graph\">{\"@context\":\"https:\/\/schema.org\",\"@graph\":[{\"@type\":\"WebPage\",\"@id\":\"https:\/\/stomatologia-przybylscy.pl\/?page_id=13\",\"url\":\"https:\/\/stomatologia-przybylscy.pl\/?page_id=13\",\"name\":\"STOMATOLOGIA -\",\"isPartOf\":{\"@id\":\"https:\/\/stomatologia-przybylscy.pl\/#website\"},\"datePublished\":\"2023-10-25T12:19:46+00:00\",\"dateModified\":\"2023-11-19T10:25:20+00:00\",\"breadcrumb\":{\"@id\":\"https:\/\/stomatologia-przybylscy.pl\/?page_id=13#breadcrumb\"},\"inLanguage\":\"pl-PL\",\"potentialAction\":[{\"@type\":\"ReadAction\",\"target\":[\"https:\/\/stomatologia-przybylscy.pl\/?page_id=13\"]}]},{\"@type\":\"BreadcrumbList\",\"@id\":\"https:\/\/stomatologia-przybylscy.pl\/?page_id=13#breadcrumb\",\"itemListElement\":[{\"@type\":\"ListItem\",\"position\":1,\"name\":\"Home\",\"item\":\"https:\/\/stomatologia-przybylscy.pl\/\"},{\"@type\":\"ListItem\",\"position\":2,\"name\":\"STOMATOLOGIA\"}]},{\"@type\":\"WebSite\",\"@id\":\"https:\/\/stomatologia-przybylscy.pl\/#website\",\"url\":\"https:\/\/stomatologia-przybylscy.pl\/\",\"name\":\"\",\"description\":\"\",\"potentialAction\":[{\"@type\":\"SearchAction\",\"target\":{\"@type\":\"EntryPoint\",\"urlTemplate\":\"https:\/\/stomatologia-przybylscy.pl\/?s={search_term_string}\"},\"query-input\":\"required name=search_term_string\"}],\"inLanguage\":\"pl-PL\"}]}<\/script>\n<!-- \/ Yoast SEO plugin. -->","yoast_head_json":{"title":"STOMATOLOGIA -","robots":{"index":"index","follow":"follow","max-snippet":"max-snippet:-1","max-image-preview":"max-image-preview:large","max-video-preview":"max-video-preview:-1"},"canonical":"https:\/\/stomatologia-przybylscy.pl\/?page_id=13","og_locale":"pl_PL","og_type":"article","og_title":"STOMATOLOGIA -","og_description":"Stomatologia zachowawcza to dziedzina medycyny zajmuj\u0105ca profilaktyk\u0105 pr\u00f3chnicy, chor\u00f3b z\u0119b\u00f3w oraz przyz\u0119bia, napraw\u0105 ubytk\u00f3w powsta\u0142ych z przyczyn naturalnych b\u0105d\u017a losowych, a tak\u017ce og\u00f3lnym dbaniem o dobry stan z\u0119b\u00f3w i pi\u0119kny u\u015bmiech. W naszych gabinetach przeprowadzamy zabiegi w zakresie: Zalecamy regularne profilaktyczne wizyty co najmniej raz w roku&#8230;","og_url":"https:\/\/stomatologia-przybylscy.pl\/?page_id=13","article_modified_time":"2023-11-19T10:25:20+00:00","og_image":[{"width":1920,"height":782,"url":"https:\/\/stomatologia-przybylscy.pl\/wp-content\/uploads\/2023\/10\/obrazek-1.png","type":"image\/png"}],"twitter_card":"summary_large_image","twitter_misc":{"Szacowany czas czytania":"2 minuty"},"schema":{"@context":"https:\/\/schema.org","@graph":[{"@type":"WebPage","@id":"https:\/\/stomatologia-przybylscy.pl\/?page_id=13","url":"https:\/\/stomatologia-przybylscy.pl\/?page_id=13","name":"STOMATOLOGIA -","isPartOf":{"@id":"https:\/\/stomatologia-przybylscy.pl\/#website"},"datePublished":"2023-10-25T12:19:46+00:00","dateModified":"2023-11-19T10:25:20+00:00","breadcrumb":{"@id":"https:\/\/stomatologia-przybylscy.pl\/?page_id=13#breadcrumb"},"inLanguage":"pl-PL","potentialAction":[{"@type":"ReadAction","target":["https:\/\/stomatologia-przybylscy.pl\/?page_id=13"]}]},{"@type":"BreadcrumbList","@id":"https:\/\/stomatologia-przybylscy.pl\/?page_id=13#breadcrumb","itemListElement":[{"@type":"ListItem","position":1,"name":"Home","item":"https:\/\/stomatologia-przybylscy.pl\/"},{"@type":"ListItem","position":2,"name":"STOMATOLOGIA"}]},{"@type":"WebSite","@id":"https:\/\/stomatologia-przybylscy.pl\/#website","url":"https:\/\/stomatologia-przybylscy.pl\/","name":"","description":"","potentialAction":[{"@type":"SearchAction","target":{"@type":"EntryPoint","urlTemplate":"https:\/\/stomatologia-przybylscy.pl\/?s={search_term_string}"},"query-input":"required name=search_term_string"}],"inLanguage":"pl-PL"}]}},"_links":{"self":[{"href":"https:\/\/stomatologia-przybylscy.pl\/index.php?rest_route=\/wp\/v2\/pages\/13","targetHints":{"allow":["GET"]}}],"collection":[{"href":"https:\/\/stomatologia-przybylscy.pl\/index.php?rest_route=\/wp\/v2\/pages"}],"about":[{"href":"https:\/\/stomatologia-przybylscy.pl\/index.php?rest_route=\/wp\/v2\/types\/page"}],"author":[{"embeddable":true,"href":"https:\/\/stomatologia-przybylscy.pl\/index.php?rest_route=\/wp\/v2\/users\/1"}],"replies":[{"embeddable":true,"href":"https:\/\/stomatologia-przybylscy.pl\/index.php?rest_route=%2Fwp%2Fv2%2Fcomments&post=13"}],"version-history":[{"count":7,"href":"https:\/\/stomatologia-przybylscy.pl\/index.php?rest_route=\/wp\/v2\/pages\/13\/revisions"}],"predecessor-version":[{"id":95,"href":"https:\/\/stomatologia-przybylscy.pl\/index.php?rest_route=\/wp\/v2\/pages\/13\/revisions\/95"}],"wp:featuredmedia":[{"embeddable":true,"href":"https:\/\/stomatologia-przybylscy.pl\/index.php?rest_route=\/wp\/v2\/media\/43"}],"wp:attachment":[{"href":"https:\/\/stomatologia-przybylscy.pl\/index.php?rest_route=%2Fwp%2Fv2%2Fmedia&parent=13"}],"curies":[{"name":"wp","href":"https:\/\/api.w.org\/{rel}","templated":true}]}}