{"id":9,"date":"2023-10-25T14:19:45","date_gmt":"2023-10-25T12:19:45","guid":{"rendered":"https:\/\/stomatologia-przybylscy.pl\/?page_id=9"},"modified":"2023-11-19T11:35:04","modified_gmt":"2023-11-19T10:35:04","slug":"strona-glowna","status":"publish","type":"page","link":"https:\/\/stomatologia-przybylscy.pl\/","title":{"rendered":"Stomatologia Przybylscy"},"content":{"rendered":"\n<p>Centrum Stomatologii i Implantologii J&amp;J PRZYBYLSCY  to po\u0142\u0105czenie historii, tradycji i nowoczesno\u015bci. W roku 2023 nasze gabinety przechodz\u0105 kompleksowy remont i zosta\u0142y wyposa\u017cone w najnowsze urz\u0105dzenia poprawiaj\u0105ce jako\u015b\u0107 naszych us\u0142ug jak i komfort Pacjent\u00f3w.<\/p>\n\n\n\n<p>Tw\u00f3j u\u015bmiech i zdrowie Twoich z\u0119b\u00f3w jest dla nas najwa\u017cniejsze.<\/p>\n\n\n\n<p><\/p>\n\n\n\n<figure class=\"wp-block-gallery has-nested-images columns-4 is-cropped wp-block-gallery-1 is-layout-flex wp-block-gallery-is-layout-flex\">\n<figure class=\"wp-block-image size-large\"><img fetchpriority=\"high\" decoding=\"async\" width=\"1024\" height=\"1024\" data-id=\"97\" src=\"https:\/\/stomatologia-przybylscy.pl\/wp-content\/uploads\/2023\/11\/obrazek-kwadrat-10-1024x1024.png\" alt=\"\" class=\"wp-image-97\" srcset=\"https:\/\/stomatologia-przybylscy.pl\/wp-content\/uploads\/2023\/11\/obrazek-kwadrat-10-1024x1024.png 1024w, https:\/\/stomatologia-przybylscy.pl\/wp-content\/uploads\/2023\/11\/obrazek-kwadrat-10-300x300.png 300w, https:\/\/stomatologia-przybylscy.pl\/wp-content\/uploads\/2023\/11\/obrazek-kwadrat-10-150x150.png 150w, https:\/\/stomatologia-przybylscy.pl\/wp-content\/uploads\/2023\/11\/obrazek-kwadrat-10-768x767.png 768w, https:\/\/stomatologia-przybylscy.pl\/wp-content\/uploads\/2023\/11\/obrazek-kwadrat-10-100x100.png 100w, https:\/\/stomatologia-przybylscy.pl\/wp-content\/uploads\/2023\/11\/obrazek-kwadrat-10.png 1201w\" sizes=\"(max-width: 767px) 89vw, (max-width: 1000px) 54vw, (max-width: 1071px) 543px, 580px\" \/><\/figure>\n\n\n\n<figure class=\"wp-block-image size-large\"><img decoding=\"async\" width=\"1024\" height=\"1024\" data-id=\"89\" src=\"https:\/\/stomatologia-przybylscy.pl\/wp-content\/uploads\/2023\/11\/obrazek-kwadrat-7-1024x1024.png\" alt=\"\" class=\"wp-image-89\" srcset=\"https:\/\/stomatologia-przybylscy.pl\/wp-content\/uploads\/2023\/11\/obrazek-kwadrat-7-1024x1024.png 1024w, https:\/\/stomatologia-przybylscy.pl\/wp-content\/uploads\/2023\/11\/obrazek-kwadrat-7-300x300.png 300w, https:\/\/stomatologia-przybylscy.pl\/wp-content\/uploads\/2023\/11\/obrazek-kwadrat-7-150x150.png 150w, https:\/\/stomatologia-przybylscy.pl\/wp-content\/uploads\/2023\/11\/obrazek-kwadrat-7-768x767.png 768w, https:\/\/stomatologia-przybylscy.pl\/wp-content\/uploads\/2023\/11\/obrazek-kwadrat-7-100x100.png 100w, https:\/\/stomatologia-przybylscy.pl\/wp-content\/uploads\/2023\/11\/obrazek-kwadrat-7.png 1201w\" sizes=\"(max-width: 767px) 89vw, (max-width: 1000px) 54vw, (max-width: 1071px) 543px, 580px\" \/><\/figure>\n\n\n\n<figure class=\"wp-block-image size-large\"><img decoding=\"async\" width=\"1024\" height=\"1024\" data-id=\"99\" src=\"https:\/\/stomatologia-przybylscy.pl\/wp-content\/uploads\/2023\/11\/obrazek-kwadrat-11-1024x1024.png\" alt=\"\" class=\"wp-image-99\" srcset=\"https:\/\/stomatologia-przybylscy.pl\/wp-content\/uploads\/2023\/11\/obrazek-kwadrat-11-1024x1024.png 1024w, https:\/\/stomatologia-przybylscy.pl\/wp-content\/uploads\/2023\/11\/obrazek-kwadrat-11-300x300.png 300w, https:\/\/stomatologia-przybylscy.pl\/wp-content\/uploads\/2023\/11\/obrazek-kwadrat-11-150x150.png 150w, https:\/\/stomatologia-przybylscy.pl\/wp-content\/uploads\/2023\/11\/obrazek-kwadrat-11-768x767.png 768w, https:\/\/stomatologia-przybylscy.pl\/wp-content\/uploads\/2023\/11\/obrazek-kwadrat-11-100x100.png 100w, https:\/\/stomatologia-przybylscy.pl\/wp-content\/uploads\/2023\/11\/obrazek-kwadrat-11.png 1201w\" sizes=\"(max-width: 767px) 89vw, (max-width: 1000px) 54vw, (max-width: 1071px) 543px, 580px\" \/><\/figure>\n\n\n\n<figure class=\"wp-block-image size-large\"><img loading=\"lazy\" decoding=\"async\" width=\"1024\" height=\"1024\" data-id=\"94\" src=\"https:\/\/stomatologia-przybylscy.pl\/wp-content\/uploads\/2023\/11\/obrazek-kwadrat-9-1024x1024.png\" alt=\"\" class=\"wp-image-94\" srcset=\"https:\/\/stomatologia-przybylscy.pl\/wp-content\/uploads\/2023\/11\/obrazek-kwadrat-9-1024x1024.png 1024w, https:\/\/stomatologia-przybylscy.pl\/wp-content\/uploads\/2023\/11\/obrazek-kwadrat-9-300x300.png 300w, https:\/\/stomatologia-przybylscy.pl\/wp-content\/uploads\/2023\/11\/obrazek-kwadrat-9-150x150.png 150w, https:\/\/stomatologia-przybylscy.pl\/wp-content\/uploads\/2023\/11\/obrazek-kwadrat-9-768x767.png 768w, https:\/\/stomatologia-przybylscy.pl\/wp-content\/uploads\/2023\/11\/obrazek-kwadrat-9-100x100.png 100w, https:\/\/stomatologia-przybylscy.pl\/wp-content\/uploads\/2023\/11\/obrazek-kwadrat-9.png 1201w\" sizes=\"(max-width: 767px) 89vw, (max-width: 1000px) 54vw, (max-width: 1071px) 543px, 580px\" \/><\/figure>\n<\/figure>\n","protected":false},"excerpt":{"rendered":"<p>Centrum Stomatologii i Implantologii J&amp;J PRZYBYLSCY to po\u0142\u0105czenie historii, tradycji i nowoczesno\u015bci. W roku 2023 nasze gabinety przechodz\u0105 kompleksowy remont i zosta\u0142y wyposa\u017cone w najnowsze urz\u0105dzenia poprawiaj\u0105ce jako\u015b\u0107 naszych us\u0142ug jak i komfort Pacjent\u00f3w. Tw\u00f3j u\u015bmiech i zdrowie Twoich z\u0119b\u00f3w jest dla nas najwa\u017cniejsze.<\/p>\n","protected":false},"author":1,"featured_media":0,"parent":0,"menu_order":0,"comment_status":"closed","ping_status":"closed","template":"","meta":{"footnotes":""},"class_list":["post-9","page","type-page","status-publish","hentry"],"yoast_head":"<!-- This site is optimized with the Yoast SEO plugin v21.4 - https:\/\/yoast.com\/wordpress\/plugins\/seo\/ -->\n<title>Stomatologia Przybylscy -<\/title>\n<meta name=\"robots\" content=\"index, follow, max-snippet:-1, max-image-preview:large, max-video-preview:-1\" \/>\n<link rel=\"canonical\" href=\"https:\/\/stomatologia-przybylscy.pl\/\" \/>\n<meta property=\"og:locale\" content=\"pl_PL\" \/>\n<meta property=\"og:type\" content=\"article\" \/>\n<meta property=\"og:title\" content=\"Stomatologia Przybylscy -\" \/>\n<meta property=\"og:description\" content=\"Centrum Stomatologii i Implantologii J&amp;J PRZYBYLSCY to po\u0142\u0105czenie historii, tradycji i nowoczesno\u015bci. W roku 2023 nasze gabinety przechodz\u0105 kompleksowy remont i zosta\u0142y wyposa\u017cone w najnowsze urz\u0105dzenia poprawiaj\u0105ce jako\u015b\u0107 naszych us\u0142ug jak i komfort Pacjent\u00f3w. Tw\u00f3j u\u015bmiech i zdrowie Twoich z\u0119b\u00f3w jest dla nas najwa\u017cniejsze.\" \/>\n<meta property=\"og:url\" content=\"https:\/\/stomatologia-przybylscy.pl\/\" \/>\n<meta property=\"article:modified_time\" content=\"2023-11-19T10:35:04+00:00\" \/>\n<meta property=\"og:image\" content=\"https:\/\/stomatologia-przybylscy.pl\/wp-content\/uploads\/2023\/11\/obrazek-kwadrat-10-1024x1024.png\" \/>\n<meta name=\"twitter:card\" content=\"summary_large_image\" \/>\n<meta name=\"twitter:label1\" content=\"Szacowany czas czytania\" \/>\n\t<meta name=\"twitter:data1\" content=\"2 minuty\" \/>\n<script type=\"application\/ld+json\" class=\"yoast-schema-graph\">{\"@context\":\"https:\/\/schema.org\",\"@graph\":[{\"@type\":\"WebPage\",\"@id\":\"https:\/\/stomatologia-przybylscy.pl\/\",\"url\":\"https:\/\/stomatologia-przybylscy.pl\/\",\"name\":\"Stomatologia Przybylscy -\",\"isPartOf\":{\"@id\":\"https:\/\/stomatologia-przybylscy.pl\/#website\"},\"datePublished\":\"2023-10-25T12:19:45+00:00\",\"dateModified\":\"2023-11-19T10:35:04+00:00\",\"breadcrumb\":{\"@id\":\"https:\/\/stomatologia-przybylscy.pl\/#breadcrumb\"},\"inLanguage\":\"pl-PL\",\"potentialAction\":[{\"@type\":\"ReadAction\",\"target\":[\"https:\/\/stomatologia-przybylscy.pl\/\"]}]},{\"@type\":\"BreadcrumbList\",\"@id\":\"https:\/\/stomatologia-przybylscy.pl\/#breadcrumb\",\"itemListElement\":[{\"@type\":\"ListItem\",\"position\":1,\"name\":\"Home\",\"item\":\"https:\/\/stomatologia-przybylscy.pl\/\"},{\"@type\":\"ListItem\",\"position\":2,\"name\":\"Stomatologia Przybylscy\"}]},{\"@type\":\"WebSite\",\"@id\":\"https:\/\/stomatologia-przybylscy.pl\/#website\",\"url\":\"https:\/\/stomatologia-przybylscy.pl\/\",\"name\":\"\",\"description\":\"\",\"potentialAction\":[{\"@type\":\"SearchAction\",\"target\":{\"@type\":\"EntryPoint\",\"urlTemplate\":\"https:\/\/stomatologia-przybylscy.pl\/?s={search_term_string}\"},\"query-input\":\"required name=search_term_string\"}],\"inLanguage\":\"pl-PL\"}]}<\/script>\n<!-- \/ Yoast SEO plugin. -->","yoast_head_json":{"title":"Stomatologia Przybylscy -","robots":{"index":"index","follow":"follow","max-snippet":"max-snippet:-1","max-image-preview":"max-image-preview:large","max-video-preview":"max-video-preview:-1"},"canonical":"https:\/\/stomatologia-przybylscy.pl\/","og_locale":"pl_PL","og_type":"article","og_title":"Stomatologia Przybylscy -","og_description":"Centrum Stomatologii i Implantologii J&amp;J PRZYBYLSCY to po\u0142\u0105czenie historii, tradycji i nowoczesno\u015bci. W roku 2023 nasze gabinety przechodz\u0105 kompleksowy remont i zosta\u0142y wyposa\u017cone w najnowsze urz\u0105dzenia poprawiaj\u0105ce jako\u015b\u0107 naszych us\u0142ug jak i komfort Pacjent\u00f3w. Tw\u00f3j u\u015bmiech i zdrowie Twoich z\u0119b\u00f3w jest dla nas najwa\u017cniejsze.","og_url":"https:\/\/stomatologia-przybylscy.pl\/","article_modified_time":"2023-11-19T10:35:04+00:00","og_image":[{"url":"https:\/\/stomatologia-przybylscy.pl\/wp-content\/uploads\/2023\/11\/obrazek-kwadrat-10-1024x1024.png"}],"twitter_card":"summary_large_image","twitter_misc":{"Szacowany czas czytania":"2 minuty"},"schema":{"@context":"https:\/\/schema.org","@graph":[{"@type":"WebPage","@id":"https:\/\/stomatologia-przybylscy.pl\/","url":"https:\/\/stomatologia-przybylscy.pl\/","name":"Stomatologia Przybylscy -","isPartOf":{"@id":"https:\/\/stomatologia-przybylscy.pl\/#website"},"datePublished":"2023-10-25T12:19:45+00:00","dateModified":"2023-11-19T10:35:04+00:00","breadcrumb":{"@id":"https:\/\/stomatologia-przybylscy.pl\/#breadcrumb"},"inLanguage":"pl-PL","potentialAction":[{"@type":"ReadAction","target":["https:\/\/stomatologia-przybylscy.pl\/"]}]},{"@type":"BreadcrumbList","@id":"https:\/\/stomatologia-przybylscy.pl\/#breadcrumb","itemListElement":[{"@type":"ListItem","position":1,"name":"Home","item":"https:\/\/stomatologia-przybylscy.pl\/"},{"@type":"ListItem","position":2,"name":"Stomatologia Przybylscy"}]},{"@type":"WebSite","@id":"https:\/\/stomatologia-przybylscy.pl\/#website","url":"https:\/\/stomatologia-przybylscy.pl\/","name":"","description":"","potentialAction":[{"@type":"SearchAction","target":{"@type":"EntryPoint","urlTemplate":"https:\/\/stomatologia-przybylscy.pl\/?s={search_term_string}"},"query-input":"required name=search_term_string"}],"inLanguage":"pl-PL"}]}},"_links":{"self":[{"href":"https:\/\/stomatologia-przybylscy.pl\/index.php?rest_route=\/wp\/v2\/pages\/9","targetHints":{"allow":["GET"]}}],"collection":[{"href":"https:\/\/stomatologia-przybylscy.pl\/index.php?rest_route=\/wp\/v2\/pages"}],"about":[{"href":"https:\/\/stomatologia-przybylscy.pl\/index.php?rest_route=\/wp\/v2\/types\/page"}],"author":[{"embeddable":true,"href":"https:\/\/stomatologia-przybylscy.pl\/index.php?rest_route=\/wp\/v2\/users\/1"}],"replies":[{"embeddable":true,"href":"https:\/\/stomatologia-przybylscy.pl\/index.php?rest_route=%2Fwp%2Fv2%2Fcomments&post=9"}],"version-history":[{"count":7,"href":"https:\/\/stomatologia-przybylscy.pl\/index.php?rest_route=\/wp\/v2\/pages\/9\/revisions"}],"predecessor-version":[{"id":100,"href":"https:\/\/stomatologia-przybylscy.pl\/index.php?rest_route=\/wp\/v2\/pages\/9\/revisions\/100"}],"wp:attachment":[{"href":"https:\/\/stomatologia-przybylscy.pl\/index.php?rest_route=%2Fwp%2Fv2%2Fmedia&parent=9"}],"curies":[{"name":"wp","href":"https:\/\/api.w.org\/{rel}","templated":true}]}}